{"id":508,"date":"2021-07-28T18:12:55","date_gmt":"2021-07-28T18:12:55","guid":{"rendered":"http:\/\/www.animatormartyna.pl\/?page_id=508"},"modified":"2022-08-05T08:51:57","modified_gmt":"2022-08-05T08:51:57","slug":"508-2","status":"publish","type":"page","link":"http:\/\/www.animatormartyna.pl\/index.php\/508-2\/","title":{"rendered":""},"content":{"rendered":"\t\t<div data-elementor-type=\"wp-page\" data-elementor-id=\"508\" class=\"elementor elementor-508\" data-elementor-settings=\"[]\">\n\t\t\t\t\t\t\t<div class=\"elementor-section-wrap\">\n\t\t\t\t\t\t\t<section class=\"elementor-section elementor-top-section elementor-element elementor-element-d0db015 elementor-section-boxed elementor-section-height-default elementor-section-height-default\" data-id=\"d0db015\" data-element_type=\"section\">\n\t\t\t\t\t\t<div class=\"elementor-container elementor-column-gap-default\">\n\t\t\t\t\t<div class=\"elementor-column elementor-col-16 elementor-top-column elementor-element elementor-element-65e8bff\" data-id=\"65e8bff\" data-element_type=\"column\">\n\t\t\t<div class=\"elementor-widget-wrap\">\n\t\t\t\t\t\t\t\t\t<\/div>\n\t\t<\/div>\n\t\t\t\t<div class=\"elementor-column elementor-col-66 elementor-top-column elementor-element elementor-element-d4bd18c\" data-id=\"d4bd18c\" data-element_type=\"column\">\n\t\t\t<div class=\"elementor-widget-wrap elementor-element-populated\">\n\t\t\t\t\t\t\t\t<div class=\"elementor-element elementor-element-cd90d19 elementor-widget elementor-widget-heading\" data-id=\"cd90d19\" data-element_type=\"widget\" data-widget_type=\"heading.default\">\n\t\t\t\t<div class=\"elementor-widget-container\">\n\t\t\t<h2 class=\"elementor-heading-title elementor-size-default\">ANIMACJE DLA DZIECI | BALONOWY SKLEP<\/h2>\t\t<\/div>\n\t\t\t\t<\/div>\n\t\t\t\t<div class=\"elementor-element elementor-element-1ab1d83 elementor-widget elementor-widget-image\" data-id=\"1ab1d83\" data-element_type=\"widget\" data-widget_type=\"image.default\">\n\t\t\t\t<div class=\"elementor-widget-container\">\n\t\t\t\t\t\t\t\t\t\t\t\t\t\t\t<img width=\"764\" height=\"626\" src=\"http:\/\/www.animatormartyna.pl\/wp-content\/uploads\/2021\/07\/logo.png\" class=\"attachment-large size-large\" alt=\"\" loading=\"lazy\" srcset=\"http:\/\/www.animatormartyna.pl\/wp-content\/uploads\/2021\/07\/logo.png 764w, http:\/\/www.animatormartyna.pl\/wp-content\/uploads\/2021\/07\/logo-300x246.png 300w\" sizes=\"(max-width: 764px) 100vw, 764px\" \/>\t\t\t\t\t\t\t\t\t\t\t\t\t\t\t<\/div>\n\t\t\t\t<\/div>\n\t\t\t\t\t<\/div>\n\t\t<\/div>\n\t\t\t\t<div class=\"elementor-column elementor-col-16 elementor-top-column elementor-element elementor-element-692d59b\" data-id=\"692d59b\" data-element_type=\"column\">\n\t\t\t<div class=\"elementor-widget-wrap\">\n\t\t\t\t\t\t\t\t\t<\/div>\n\t\t<\/div>\n\t\t\t\t\t\t\t<\/div>\n\t\t<\/section>\n\t\t\t\t<section class=\"elementor-section elementor-top-section elementor-element elementor-element-44cb610 elementor-section-boxed elementor-section-height-default elementor-section-height-default\" data-id=\"44cb610\" data-element_type=\"section\">\n\t\t\t\t\t\t<div class=\"elementor-container elementor-column-gap-default\">\n\t\t\t\t\t<div class=\"elementor-column elementor-col-16 elementor-top-column elementor-element elementor-element-fe15c0a\" data-id=\"fe15c0a\" data-element_type=\"column\">\n\t\t\t<div class=\"elementor-widget-wrap\">\n\t\t\t\t\t\t\t\t\t<\/div>\n\t\t<\/div>\n\t\t\t\t<div class=\"elementor-column elementor-col-66 elementor-top-column elementor-element elementor-element-45ba4df\" data-id=\"45ba4df\" data-element_type=\"column\">\n\t\t\t<div class=\"elementor-widget-wrap elementor-element-populated\">\n\t\t\t\t\t\t\t\t<div class=\"elementor-element elementor-element-3c61fa2 elementor-widget elementor-widget-menu-anchor\" data-id=\"3c61fa2\" data-element_type=\"widget\" data-widget_type=\"menu-anchor.default\">\n\t\t\t\t<div class=\"elementor-widget-container\">\n\t\t\t\t\t<div id=\"stronaglowna\" class=\"elementor-menu-anchor\"><\/div>\n\t\t\t\t<\/div>\n\t\t\t\t<\/div>\n\t\t\t\t<div class=\"elementor-element elementor-element-d04d78e elementor-widget-divider--view-line elementor-widget elementor-widget-divider\" data-id=\"d04d78e\" data-element_type=\"widget\" data-widget_type=\"divider.default\">\n\t\t\t\t<div class=\"elementor-widget-container\">\n\t\t\t\t\t<div class=\"elementor-divider\">\n\t\t\t<span class=\"elementor-divider-separator\">\n\t\t\t\t\t\t<\/span>\n\t\t<\/div>\n\t\t\t\t<\/div>\n\t\t\t\t<\/div>\n\t\t\t\t<div class=\"elementor-element elementor-element-d579adc elementor-nav-menu--indicator-classic elementor-nav-menu--dropdown-tablet elementor-nav-menu__text-align-aside elementor-nav-menu--toggle elementor-nav-menu--burger elementor-widget elementor-widget-nav-menu\" data-id=\"d579adc\" data-element_type=\"widget\" data-settings=\"{&quot;layout&quot;:&quot;horizontal&quot;,&quot;toggle&quot;:&quot;burger&quot;}\" data-widget_type=\"nav-menu.default\">\n\t\t\t\t<div class=\"elementor-widget-container\">\n\t\t\t\t\t\t<nav role=\"navigation\" class=\"elementor-nav-menu--main elementor-nav-menu__container elementor-nav-menu--layout-horizontal e--pointer-underline e--animation-fade\"><ul id=\"menu-1-d579adc\" class=\"elementor-nav-menu\"><li class=\"menu-item menu-item-type-post_type menu-item-object-page menu-item-home menu-item-39\"><a href=\"http:\/\/www.animatormartyna.pl\/\" class=\"elementor-item\">Strona G\u0142\u00f3wna<\/a><\/li>\n<li class=\"menu-item menu-item-type-custom menu-item-object-custom menu-item-home menu-item-153\"><a href=\"http:\/\/www.animatormartyna.pl\/#onas\" class=\"elementor-item elementor-item-anchor\">O nas<\/a><\/li>\n<li class=\"menu-item menu-item-type-custom menu-item-object-custom menu-item-home menu-item-166\"><a href=\"http:\/\/www.animatormartyna.pl\/#oferta\" class=\"elementor-item elementor-item-anchor\">Oferta<\/a><\/li>\n<li class=\"menu-item menu-item-type-post_type menu-item-object-page menu-item-183\"><a href=\"http:\/\/www.animatormartyna.pl\/index.php\/176-2\/\" class=\"elementor-item\">Sklep<\/a><\/li>\n<li class=\"menu-item menu-item-type-custom menu-item-object-custom menu-item-home menu-item-331\"><a href=\"http:\/\/www.animatormartyna.pl\/#galeria\" class=\"elementor-item elementor-item-anchor\">Galeria<\/a><\/li>\n<li class=\"menu-item menu-item-type-custom menu-item-object-custom menu-item-476\"><a href=\"https:\/\/www.facebook.com\/animatorzabawmartyna\/\" class=\"elementor-item\">Facebook<\/a><\/li>\n<li class=\"menu-item menu-item-type-post_type menu-item-object-page menu-item-842\"><a href=\"http:\/\/www.animatormartyna.pl\/index.php\/508-2\/\" class=\"elementor-item\">Rezerwuj<\/a><\/li>\n<\/ul><\/nav>\n\t\t\t\t\t<div class=\"elementor-menu-toggle\" role=\"button\" tabindex=\"0\" aria-label=\"Menu Toggle\" aria-expanded=\"false\">\n\t\t\t<i class=\"eicon-menu-bar\" aria-hidden=\"true\"><\/i>\n\t\t\t<span class=\"elementor-screen-only\">Menu<\/span>\n\t\t<\/div>\n\t\t\t<nav class=\"elementor-nav-menu--dropdown elementor-nav-menu__container\" role=\"navigation\" aria-hidden=\"true\"><ul id=\"menu-2-d579adc\" class=\"elementor-nav-menu\"><li class=\"menu-item menu-item-type-post_type menu-item-object-page menu-item-home menu-item-39\"><a href=\"http:\/\/www.animatormartyna.pl\/\" class=\"elementor-item\">Strona G\u0142\u00f3wna<\/a><\/li>\n<li class=\"menu-item menu-item-type-custom menu-item-object-custom menu-item-home menu-item-153\"><a href=\"http:\/\/www.animatormartyna.pl\/#onas\" class=\"elementor-item elementor-item-anchor\">O nas<\/a><\/li>\n<li class=\"menu-item menu-item-type-custom menu-item-object-custom menu-item-home menu-item-166\"><a href=\"http:\/\/www.animatormartyna.pl\/#oferta\" class=\"elementor-item elementor-item-anchor\">Oferta<\/a><\/li>\n<li class=\"menu-item menu-item-type-post_type menu-item-object-page menu-item-183\"><a href=\"http:\/\/www.animatormartyna.pl\/index.php\/176-2\/\" class=\"elementor-item\">Sklep<\/a><\/li>\n<li class=\"menu-item menu-item-type-custom menu-item-object-custom menu-item-home menu-item-331\"><a href=\"http:\/\/www.animatormartyna.pl\/#galeria\" class=\"elementor-item elementor-item-anchor\">Galeria<\/a><\/li>\n<li class=\"menu-item menu-item-type-custom menu-item-object-custom menu-item-476\"><a href=\"https:\/\/www.facebook.com\/animatorzabawmartyna\/\" class=\"elementor-item\">Facebook<\/a><\/li>\n<li class=\"menu-item menu-item-type-post_type menu-item-object-page menu-item-842\"><a href=\"http:\/\/www.animatormartyna.pl\/index.php\/508-2\/\" class=\"elementor-item\">Rezerwuj<\/a><\/li>\n<\/ul><\/nav>\n\t\t\t\t<\/div>\n\t\t\t\t<\/div>\n\t\t\t\t<div class=\"elementor-element elementor-element-a44e3e3 elementor-widget-divider--view-line elementor-widget elementor-widget-divider\" data-id=\"a44e3e3\" data-element_type=\"widget\" data-widget_type=\"divider.default\">\n\t\t\t\t<div class=\"elementor-widget-container\">\n\t\t\t\t\t<div class=\"elementor-divider\">\n\t\t\t<span class=\"elementor-divider-separator\">\n\t\t\t\t\t\t<\/span>\n\t\t<\/div>\n\t\t\t\t<\/div>\n\t\t\t\t<\/div>\n\t\t\t\t\t<\/div>\n\t\t<\/div>\n\t\t\t\t<div class=\"elementor-column elementor-col-16 elementor-top-column elementor-element elementor-element-e2f398b\" data-id=\"e2f398b\" data-element_type=\"column\">\n\t\t\t<div class=\"elementor-widget-wrap\">\n\t\t\t\t\t\t\t\t\t<\/div>\n\t\t<\/div>\n\t\t\t\t\t\t\t<\/div>\n\t\t<\/section>\n\t\t\t\t<section class=\"elementor-section elementor-top-section elementor-element elementor-element-144802c elementor-section-boxed elementor-section-height-default elementor-section-height-default\" data-id=\"144802c\" data-element_type=\"section\">\n\t\t\t\t\t\t<div class=\"elementor-container elementor-column-gap-default\">\n\t\t\t\t\t<div class=\"elementor-column elementor-col-16 elementor-top-column elementor-element elementor-element-46f1052\" data-id=\"46f1052\" data-element_type=\"column\">\n\t\t\t<div class=\"elementor-widget-wrap\">\n\t\t\t\t\t\t\t\t\t<\/div>\n\t\t<\/div>\n\t\t\t\t<div class=\"elementor-column elementor-col-66 elementor-top-column elementor-element elementor-element-1fbe909\" data-id=\"1fbe909\" data-element_type=\"column\">\n\t\t\t<div class=\"elementor-widget-wrap elementor-element-populated\">\n\t\t\t\t\t\t\t\t<div class=\"elementor-element elementor-element-1f387b2 elementor-widget elementor-widget-heading\" data-id=\"1f387b2\" data-element_type=\"widget\" data-widget_type=\"heading.default\">\n\t\t\t\t<div class=\"elementor-widget-container\">\n\t\t\t<h2 class=\"elementor-heading-title elementor-size-default\">Jak zarezerwowa\u0107 termin:<\/h2>\t\t<\/div>\n\t\t\t\t<\/div>\n\t\t\t\t<div class=\"elementor-element elementor-element-4689a42 elementor-widget elementor-widget-text-editor\" data-id=\"4689a42\" data-element_type=\"widget\" data-widget_type=\"text-editor.default\">\n\t\t\t\t<div class=\"elementor-widget-container\">\n\t\t\t\t\t\t\t\t<p style=\"text-align: left;\">Wypelnij oraz wy\u015blij formularz rezerwacyjny (znajduje si\u0119 poni\u017cej)<br \/>Czekaj na nasz\u0105 odpowied\u017a (czas oczekiwania: najcz\u0119\u015bciej do 24h w sezonie animacyjny do 48h)<\/p><p style=\"text-align: left;\">Po naszej odpowiedzi w ci\u0105gu 3 dni nale\u017cy wp\u0142aci\u0107 zadatek oraz wype\u0142ni\u0107 formularz, kt\u00f3ry prze\u015blemy<br \/>na e-maila.<br \/>Po wp\u0142acie zadatku oraz przes\u0142aniu wype\u0142nionego formularza z danymi, przesy\u0142amy umow\u0119 na emaila, kt\u00f3ra jest gwarancj\u0105 rezerwacji terminu. Prosimy j\u0105 podpisa\u0107 i odes\u0142a\u0107 razem z regulaminem i<br \/>klauzul\u0105 RODO.<\/p><p style=\"text-align: left;\">Gwarancj\u0105 rezerwacji terminu jest wp\u0142ata zadatku w wysoko\u015bci:<br \/>100 z\u0142 &#8211; animacje urodzinowe w sklepie<br \/>150 z\u0142 \u2013 urodziny, komunie, chrzciny<br \/>200 z\u0142 \u2013 wesela, poprawiny, imprezy firmowe\/przedszkola\/gminy<\/p><p style=\"text-align: left;\">Dane do przelewu:<br \/>Animator Martyna Martyna Stefa\u0144ska<br \/>Bank Santander: 71 1090 1102 0000 0001 3501 3513<br \/>w tytule prosimy wpisa\u0107: dat\u0119 i godzin\u0119 animacji oraz miejsce<\/p>\t\t\t\t\t\t<\/div>\n\t\t\t\t<\/div>\n\t\t\t\t\t<\/div>\n\t\t<\/div>\n\t\t\t\t<div class=\"elementor-column elementor-col-16 elementor-top-column elementor-element elementor-element-9b01558\" data-id=\"9b01558\" data-element_type=\"column\">\n\t\t\t<div class=\"elementor-widget-wrap\">\n\t\t\t\t\t\t\t\t\t<\/div>\n\t\t<\/div>\n\t\t\t\t\t\t\t<\/div>\n\t\t<\/section>\n\t\t\t\t<section class=\"elementor-section elementor-top-section elementor-element elementor-element-1b38ad7 elementor-section-boxed elementor-section-height-default elementor-section-height-default\" data-id=\"1b38ad7\" data-element_type=\"section\">\n\t\t\t\t\t\t<div class=\"elementor-container elementor-column-gap-default\">\n\t\t\t\t\t<div class=\"elementor-column elementor-col-16 elementor-top-column elementor-element elementor-element-de6f7a4\" data-id=\"de6f7a4\" data-element_type=\"column\">\n\t\t\t<div class=\"elementor-widget-wrap\">\n\t\t\t\t\t\t\t\t\t<\/div>\n\t\t<\/div>\n\t\t\t\t<div class=\"elementor-column elementor-col-66 elementor-top-column elementor-element elementor-element-a09b2cc\" data-id=\"a09b2cc\" data-element_type=\"column\">\n\t\t\t<div class=\"elementor-widget-wrap elementor-element-populated\">\n\t\t\t\t\t\t\t\t<div class=\"elementor-element elementor-element-eb128a5 elementor-button-align-stretch elementor-widget elementor-widget-form\" data-id=\"eb128a5\" data-element_type=\"widget\" data-settings=\"{&quot;step_next_label&quot;:&quot;Nast\\u0119pny&quot;,&quot;step_previous_label&quot;:&quot;Poprzedni&quot;,&quot;button_width&quot;:&quot;100&quot;,&quot;step_type&quot;:&quot;number_text&quot;,&quot;step_icon_shape&quot;:&quot;circle&quot;}\" data-widget_type=\"form.default\">\n\t\t\t\t<div class=\"elementor-widget-container\">\n\t\t\t\t\t<form class=\"elementor-form\" method=\"post\" name=\"New Form\">\n\t\t\t<input type=\"hidden\" name=\"post_id\" value=\"508\"\/>\n\t\t\t<input type=\"hidden\" name=\"form_id\" value=\"eb128a5\"\/>\n\n\t\t\t\n\t\t\t<div class=\"elementor-form-fields-wrapper elementor-labels-above\">\n\t\t\t\t\t\t\t\t<div class=\"elementor-field-type-text elementor-field-group elementor-column elementor-field-group-name elementor-col-100 elementor-field-required elementor-mark-required\">\n\t\t\t\t\t<label for=\"form-field-name\" class=\"elementor-field-label\">Imie  i nazwisko<\/label><input size=\"1\" type=\"text\" name=\"form_fields[name]\" id=\"form-field-name\" class=\"elementor-field elementor-size-sm  elementor-field-textual\" required=\"required\" aria-required=\"true\">\t\t\t\t<\/div>\n\t\t\t\t\t\t\t\t<div class=\"elementor-field-type-text elementor-field-group elementor-column elementor-field-group-email elementor-col-100 elementor-field-required elementor-mark-required\">\n\t\t\t\t\t<label for=\"form-field-email\" class=\"elementor-field-label\">Numer telefonu<\/label><input size=\"1\" type=\"text\" name=\"form_fields[email]\" id=\"form-field-email\" class=\"elementor-field elementor-size-sm  elementor-field-textual\" required=\"required\" aria-required=\"true\">\t\t\t\t<\/div>\n\t\t\t\t\t\t\t\t<div class=\"elementor-field-type-text elementor-field-group elementor-column elementor-field-group-field_262d742 elementor-col-100 elementor-field-required elementor-mark-required\">\n\t\t\t\t\t<label for=\"form-field-field_262d742\" class=\"elementor-field-label\">Adres email <\/label><input size=\"1\" type=\"text\" name=\"form_fields[field_262d742]\" id=\"form-field-field_262d742\" class=\"elementor-field elementor-size-sm  elementor-field-textual\" required=\"required\" aria-required=\"true\">\t\t\t\t<\/div>\n\t\t\t\t\t\t\t\t<div class=\"elementor-field-type-text elementor-field-group elementor-column elementor-field-group-field_e7988eb elementor-col-100 elementor-field-required elementor-mark-required\">\n\t\t\t\t\t<label for=\"form-field-field_e7988eb\" class=\"elementor-field-label\">Temat<\/label><input size=\"1\" type=\"text\" name=\"form_fields[field_e7988eb]\" id=\"form-field-field_e7988eb\" class=\"elementor-field elementor-size-sm  elementor-field-textual\" required=\"required\" aria-required=\"true\">\t\t\t\t<\/div>\n\t\t\t\t\t\t\t\t<div class=\"elementor-field-type-select elementor-field-group elementor-column elementor-field-group-field_d705a22 elementor-col-100 elementor-field-required elementor-mark-required\">\n\t\t\t\t\t\t\t<div class=\"elementor-field elementor-select-wrapper \">\n\t\t\t<select name=\"form_fields[field_d705a22]\" id=\"form-field-field_d705a22\" class=\"elementor-field-textual elementor-size-sm\" required=\"required\" aria-required=\"true\">\n\t\t\t\t<option value=\"Urodziny\">Urodziny<\/option><option value=\"Wesela \/ Poprawiny \">Wesela \/ Poprawiny <\/option><option value=\"Przedszkole\">Przedszkole<\/option><option value=\"Komunia\">Komunia<\/option><option value=\"Dla gmin \">Dla gmin <\/option><option value=\"Dla przedszkoli \">Dla przedszkoli <\/option><option value=\"Dla firm\">Dla firm<\/option>\t\t\t<\/select>\n\t\t<\/div>\n\t\t\t\t\t\t<\/div>\n\t\t\t\t\t\t\t\t<div class=\"elementor-field-type-text elementor-field-group elementor-column elementor-field-group-field_768c98e elementor-col-100 elementor-field-required elementor-mark-required\">\n\t\t\t\t\t<label for=\"form-field-field_768c98e\" class=\"elementor-field-label\">Miejscowo\u015b\u0107 w kt\u00f3rej odb\u0119dzie si\u0119 impreza<\/label><input size=\"1\" type=\"text\" name=\"form_fields[field_768c98e]\" id=\"form-field-field_768c98e\" class=\"elementor-field elementor-size-sm  elementor-field-textual\" required=\"required\" aria-required=\"true\">\t\t\t\t<\/div>\n\t\t\t\t\t\t\t\t<div class=\"elementor-field-type-text elementor-field-group elementor-column elementor-field-group-field_1af2bb7 elementor-col-100 elementor-field-required elementor-mark-required\">\n\t\t\t\t\t<label for=\"form-field-field_1af2bb7\" class=\"elementor-field-label\">Wiek dzieci<\/label><input size=\"1\" type=\"text\" name=\"form_fields[field_1af2bb7]\" id=\"form-field-field_1af2bb7\" class=\"elementor-field elementor-size-sm  elementor-field-textual\" required=\"required\" aria-required=\"true\">\t\t\t\t<\/div>\n\t\t\t\t\t\t\t\t<div class=\"elementor-field-type-text elementor-field-group elementor-column elementor-field-group-field_9b3ae3e elementor-col-100 elementor-field-required elementor-mark-required\">\n\t\t\t\t\t<label for=\"form-field-field_9b3ae3e\" class=\"elementor-field-label\">Ilo\u015b\u0107 dzieci<\/label><input size=\"1\" type=\"text\" name=\"form_fields[field_9b3ae3e]\" id=\"form-field-field_9b3ae3e\" class=\"elementor-field elementor-size-sm  elementor-field-textual\" required=\"required\" aria-required=\"true\">\t\t\t\t<\/div>\n\t\t\t\t\t\t\t\t<div class=\"elementor-field-type-text elementor-field-group elementor-column elementor-field-group-field_a569f04 elementor-col-100 elementor-field-required elementor-mark-required\">\n\t\t\t\t\t<label for=\"form-field-field_a569f04\" class=\"elementor-field-label\">Termin imprezki<\/label><input size=\"1\" type=\"text\" name=\"form_fields[field_a569f04]\" id=\"form-field-field_a569f04\" class=\"elementor-field elementor-size-sm  elementor-field-textual\" required=\"required\" aria-required=\"true\">\t\t\t\t<\/div>\n\t\t\t\t\t\t\t\t<div class=\"elementor-field-type-text elementor-field-group elementor-column elementor-field-group-field_a5a3453 elementor-col-100 elementor-field-required elementor-mark-required\">\n\t\t\t\t\t<label for=\"form-field-field_a5a3453\" class=\"elementor-field-label\">Godziny animacji<\/label><input size=\"1\" type=\"text\" name=\"form_fields[field_a5a3453]\" id=\"form-field-field_a5a3453\" class=\"elementor-field elementor-size-sm  elementor-field-textual\" required=\"required\" aria-required=\"true\">\t\t\t\t<\/div>\n\t\t\t\t\t\t\t\t<div class=\"elementor-field-type-textarea elementor-field-group elementor-column elementor-field-group-field_58e3b0b elementor-col-100 elementor-field-required elementor-mark-required\">\n\t\t\t\t\t<label for=\"form-field-field_58e3b0b\" class=\"elementor-field-label\">Informacje dodatkowe<\/label><textarea class=\"elementor-field-textual elementor-field  elementor-size-sm\" name=\"form_fields[field_58e3b0b]\" id=\"form-field-field_58e3b0b\" rows=\"4\" required=\"required\" aria-required=\"true\"><\/textarea>\t\t\t\t<\/div>\n\t\t\t\t\t\t\t\t<div class=\"elementor-field-type-checkbox elementor-field-group elementor-column elementor-field-group-field_ebe5d2c elementor-col-100\">\n\t\t\t\t\t<div class=\"elementor-field-subgroup  elementor-subgroup-inline\"><span class=\"elementor-field-option\"><input type=\"checkbox\" value=\"*Wyra\u017cam zgod\u0119 na przetwarzanie danych osobowych zgodnie z ustaw\u0105 o ochronie danych osobowych w zwi\u0105zku z wysy\u0142aniem informacji handlowych. Podanie danych jest dobrowolne. Zosta\u0142em poinformowany, \u017ce przys\u0142uguje mi prawo dost\u0119pu do moich danych, mo\u017cliwo\u015bci ich poprawiania, \u017c\u0105dania zaprzestania, ich przetwarzania. Administratorem danych osobowych jest firma Animator Martyna Martyna Stefa\u0144ska  z siedzib\u0105 w L\u0119borku 84-300, ul. W\u0119grzynowicza 7B\" id=\"form-field-field_ebe5d2c-0\" name=\"form_fields[field_ebe5d2c][]\"> <label for=\"form-field-field_ebe5d2c-0\">*Wyra\u017cam zgod\u0119 na przetwarzanie danych osobowych zgodnie z ustaw\u0105 o ochronie danych osobowych w zwi\u0105zku z wysy\u0142aniem informacji handlowych. Podanie danych jest dobrowolne. Zosta\u0142em poinformowany, \u017ce przys\u0142uguje mi prawo dost\u0119pu do moich danych, mo\u017cliwo\u015bci ich poprawiania, \u017c\u0105dania zaprzestania, ich przetwarzania. Administratorem danych osobowych jest firma Animator Martyna Martyna Stefa\u0144ska  z siedzib\u0105 w L\u0119borku 84-300, ul. W\u0119grzynowicza 7B<\/label><\/span><span class=\"elementor-field-option\"><input type=\"checkbox\" value=\"*Wyra\u017cam zgod\u0119 na przetwarzanie danych osobowych zgodnie z ustaw\u0105 o ochronie danych osobowych w zwi\u0105zku z wys\u0142aniem zapytania przez formularz kontaktowy. Podanie danych jest dobrowolne, ale niezb\u0119dne do przetworzenia zapytania.Zosta\u0142em poinformowany, \u017ce przys\u0142uguje mi prawo dost\u0119pu do moich danych, mo\u017cliwo\u015bci ich poprawiania, \u017c\u0105dania zaprzestania, ich przetwarzania. Administratorem danych osobowych jest firma Animator Martyna Martyna Stefa\u0144ska  z siedzib\u0105 w L\u0119borku 84-300, ul. W\u0119grzynowicza 7B\" id=\"form-field-field_ebe5d2c-1\" name=\"form_fields[field_ebe5d2c][]\"> <label for=\"form-field-field_ebe5d2c-1\">*Wyra\u017cam zgod\u0119 na przetwarzanie danych osobowych zgodnie z ustaw\u0105 o ochronie danych osobowych w zwi\u0105zku z wys\u0142aniem zapytania przez formularz kontaktowy. Podanie danych jest dobrowolne, ale niezb\u0119dne do przetworzenia zapytania.Zosta\u0142em poinformowany, \u017ce przys\u0142uguje mi prawo dost\u0119pu do moich danych, mo\u017cliwo\u015bci ich poprawiania, \u017c\u0105dania zaprzestania, ich przetwarzania. Administratorem danych osobowych jest firma Animator Martyna Martyna Stefa\u0144ska  z siedzib\u0105 w L\u0119borku 84-300, ul. W\u0119grzynowicza 7B<\/label><\/span><\/div>\t\t\t\t<\/div>\n\t\t\t\t\t\t\t\t<div class=\"elementor-field-type-recaptcha_v3 elementor-field-group elementor-column elementor-field-group-field_de0c007 elementor-col-100 recaptcha_v3-bottomright\">\n\t\t\t\t\t<div class=\"elementor-field\" id=\"form-field-field_de0c007\"><div class=\"elementor-g-recaptcha\" data-sitekey=\"6LcjWEwhAAAAAPV5FKY32StbtUZxfgOW4Rrzd09h\" data-type=\"v3\" data-action=\"Form\" data-badge=\"bottomright\" data-size=\"invisible\"><\/div><\/div>\t\t\t\t<\/div>\n\t\t\t\t\t\t\t\t<div class=\"elementor-field-group elementor-column elementor-field-type-submit elementor-col-100 e-form__buttons\">\n\t\t\t\t\t<button type=\"submit\" class=\"elementor-button elementor-size-sm\">\n\t\t\t\t\t\t<span >\n\t\t\t\t\t\t\t\t\t\t\t\t\t\t\t<span class=\" elementor-button-icon\">\n\t\t\t\t\t\t\t\t\t\t\t\t\t\t\t\t\t\t\t\t\t\t\t\t\t\t<\/span>\n\t\t\t\t\t\t\t\t\t\t\t\t\t\t\t\t\t\t\t\t\t\t<span class=\"elementor-button-text\">wy\u015blij<\/span>\n\t\t\t\t\t\t\t\t\t\t\t\t\t<\/span>\n\t\t\t\t\t<\/button>\n\t\t\t\t<\/div>\n\t\t\t<\/div>\n\t\t<\/form>\n\t\t\t\t<\/div>\n\t\t\t\t<\/div>\n\t\t\t\t\t<\/div>\n\t\t<\/div>\n\t\t\t\t<div class=\"elementor-column elementor-col-16 elementor-top-column elementor-element elementor-element-60ba4e3\" data-id=\"60ba4e3\" data-element_type=\"column\">\n\t\t\t<div class=\"elementor-widget-wrap\">\n\t\t\t\t\t\t\t\t\t<\/div>\n\t\t<\/div>\n\t\t\t\t\t\t\t<\/div>\n\t\t<\/section>\n\t\t\t\t\t\t<\/div>\n\t\t\t\t\t<\/div>\n\t\t","protected":false},"excerpt":{"rendered":"<p>ANIMACJE DLA DZIECI | BALONOWY SKLEP Jak zarezerwowa\u0107 termin: Wypelnij oraz wy\u015blij formularz rezerwacyjny (znajduje si\u0119 poni\u017cej)Czekaj na nasz\u0105 odpowied\u017a (czas oczekiwania: najcz\u0119\u015bciej do 24h w sezonie animacyjny do 48h) Po naszej odpowiedzi w ci\u0105gu 3 dni nale\u017cy wp\u0142aci\u0107 zadatek oraz wype\u0142ni\u0107 formularz, kt\u00f3ry prze\u015blemyna e-maila.Po wp\u0142acie zadatku oraz przes\u0142aniu wype\u0142nionego formularza z danymi, przesy\u0142amy [&hellip;]<\/p>\n","protected":false},"author":2,"featured_media":0,"parent":0,"menu_order":0,"comment_status":"closed","ping_status":"closed","template":"","meta":[],"_links":{"self":[{"href":"http:\/\/www.animatormartyna.pl\/index.php\/wp-json\/wp\/v2\/pages\/508"}],"collection":[{"href":"http:\/\/www.animatormartyna.pl\/index.php\/wp-json\/wp\/v2\/pages"}],"about":[{"href":"http:\/\/www.animatormartyna.pl\/index.php\/wp-json\/wp\/v2\/types\/page"}],"author":[{"embeddable":true,"href":"http:\/\/www.animatormartyna.pl\/index.php\/wp-json\/wp\/v2\/users\/2"}],"replies":[{"embeddable":true,"href":"http:\/\/www.animatormartyna.pl\/index.php\/wp-json\/wp\/v2\/comments?post=508"}],"version-history":[{"count":57,"href":"http:\/\/www.animatormartyna.pl\/index.php\/wp-json\/wp\/v2\/pages\/508\/revisions"}],"predecessor-version":[{"id":1138,"href":"http:\/\/www.animatormartyna.pl\/index.php\/wp-json\/wp\/v2\/pages\/508\/revisions\/1138"}],"wp:attachment":[{"href":"http:\/\/www.animatormartyna.pl\/index.php\/wp-json\/wp\/v2\/media?parent=508"}],"curies":[{"name":"wp","href":"https:\/\/api.w.org\/{rel}","templated":true}]}}